{"id":48,"date":"2025-06-24T16:01:11","date_gmt":"2025-06-24T16:01:11","guid":{"rendered":"https:\/\/anvie.art\/?page_id=48"},"modified":"2025-09-26T20:01:44","modified_gmt":"2025-09-26T20:01:44","slug":"willkommen","status":"publish","type":"page","link":"https:\/\/anvie.art\/?page_id=48","title":{"rendered":"\u00dcber mich"},"content":{"rendered":"\n<blockquote class=\"wp-block-quote is-style-default has-black-color has-white-background-color has-text-color has-background has-link-color wp-elements-5eaea9495a694e145935c574d8ed5488 is-layout-flow wp-block-quote-is-layout-flow\">\n<p class=\"has-medium-font-size\">Wenn ich schreibe, dann komme ich mir und meiner Wahrheit am n\u00e4chsten.<\/p>\n<\/blockquote>\n\n\n\n<p>&#8230;deshalb erf\u00e4hrst du am meisten in den Blogbeitr\u00e4gen \u00fcber mich&#8230;<\/p>\n\n\n\n<p>Aber falls dich Fakten interessieren:<\/p>\n\n\n\n<ul class=\"wp-block-list\">\n<li>Ich hei\u00dfe eigentlich Anne, der Name &#8220;Anvie&#8221; stammt aus meiner Anfangszeit auf Social Media und nutze ich jetzt als &#8220;Kunstname&#8221;.<\/li>\n\n\n\n<li>Ich komme aus einem kleinen Dorf aus Niedersachsen an der niederl\u00e4ndischen Grenze.<\/li>\n\n\n\n<li>Ich wohne seit 5 Jahren in Katalonien am Meer.<\/li>\n\n\n\n<li>Sozialwissenschaften (Bachelor) habe ich an der HHU in D\u00fcsseldorf studiert.<\/li>\n\n\n\n<li>Meine Herzensthemen sind alles rund um die mentale Gesundheit + Musik <\/li>\n\n\n\n<li>Ich spiele Klavier seit ich 7 bin und interessiere mich f\u00fcr viele andere Instrumente (insbesondere Gitarre, Ukulele) und singe gerne.<\/li>\n\n\n\n<li>Mein anderes Hobby neben Musik ist Beachvolleyball.<\/li>\n<\/ul>\n\n\n\n<p>und hier ein paar &#8220;spirituelle Fakten&#8221; (ich identifiziere mich nicht damit, aber finde sie ganz interessant)<\/p>\n\n\n\n<ul class=\"wp-block-list\">\n<li>Ich bin im Human Design Projektorin 6\/2.<\/li>\n\n\n\n<li>Mein Sonnenzeichen ist Krebs, mein Aszendent Jungfrau. <\/li>\n\n\n\n<li>Ich w\u00fcrde mich als hochsensibel\/ hochempathisch und sehr emotional bezeichnen (und ich liebe diese Tiefe, auch wenn sie oft schmerzhaft ist).<\/li>\n\n\n\n<li>mein Lieblingselement ist also Wasser \ud83d\ude42<\/li>\n\n\n\n<li>meine wichtigsten Werte sind: Ehrlichkeit, Authentizit\u00e4t und Mut<\/li>\n\n\n\n<li>Ich dachte immer, dass ich ein &#8220;Hundemensch&#8221; bin, aber jetzt habe ich einen Kater tief in mein Herz geschlossen.  (okay, Schubladen sind eh doof, ich wei\u00df)<\/li>\n<\/ul>\n\n\n\n<figure class=\"wp-block-gallery has-nested-images columns-default is-cropped wp-block-gallery-1 is-layout-flex wp-block-gallery-is-layout-flex\">\n<figure class=\"wp-block-image size-large\"><img loading=\"lazy\" decoding=\"async\" width=\"768\" height=\"1024\" data-id=\"183\" src=\"https:\/\/anvie.art\/wp-content\/uploads\/2025\/08\/20250713_1551270-768x1024.jpg\" alt=\"\" class=\"wp-image-183\" srcset=\"https:\/\/anvie.art\/wp-content\/uploads\/2025\/08\/20250713_1551270-768x1024.jpg 768w, https:\/\/anvie.art\/wp-content\/uploads\/2025\/08\/20250713_1551270-225x300.jpg 225w, https:\/\/anvie.art\/wp-content\/uploads\/2025\/08\/20250713_1551270-1152x1536.jpg 1152w, https:\/\/anvie.art\/wp-content\/uploads\/2025\/08\/20250713_1551270-1536x2048.jpg 1536w, https:\/\/anvie.art\/wp-content\/uploads\/2025\/08\/20250713_1551270-scaled.jpg 1920w\" sizes=\"auto, (max-width: 768px) 100vw, 768px\" \/><\/figure>\n\n\n\n<figure class=\"wp-block-image size-large\"><img loading=\"lazy\" decoding=\"async\" width=\"662\" height=\"1024\" data-id=\"372\" src=\"https:\/\/anvie.art\/wp-content\/uploads\/2025\/08\/WhatsApp-Bild-2025-08-30-um-20.46.24_876e3a91-662x1024.jpg\" alt=\"\" class=\"wp-image-372\" srcset=\"https:\/\/anvie.art\/wp-content\/uploads\/2025\/08\/WhatsApp-Bild-2025-08-30-um-20.46.24_876e3a91-662x1024.jpg 662w, https:\/\/anvie.art\/wp-content\/uploads\/2025\/08\/WhatsApp-Bild-2025-08-30-um-20.46.24_876e3a91-194x300.jpg 194w, https:\/\/anvie.art\/wp-content\/uploads\/2025\/08\/WhatsApp-Bild-2025-08-30-um-20.46.24_876e3a91-768x1188.jpg 768w, https:\/\/anvie.art\/wp-content\/uploads\/2025\/08\/WhatsApp-Bild-2025-08-30-um-20.46.24_876e3a91-993x1536.jpg 993w, https:\/\/anvie.art\/wp-content\/uploads\/2025\/08\/WhatsApp-Bild-2025-08-30-um-20.46.24_876e3a91-1140x1763.jpg 1140w, https:\/\/anvie.art\/wp-content\/uploads\/2025\/08\/WhatsApp-Bild-2025-08-30-um-20.46.24_876e3a91.jpg 1324w\" sizes=\"auto, (max-width: 662px) 100vw, 662px\" \/><\/figure>\n\n\n\n<figure class=\"wp-block-image size-large\"><img loading=\"lazy\" decoding=\"async\" width=\"768\" height=\"1024\" data-id=\"373\" src=\"https:\/\/anvie.art\/wp-content\/uploads\/2025\/08\/WhatsApp-Bild-2025-08-30-um-20.47.19_103eceb5-768x1024.jpg\" alt=\"\" class=\"wp-image-373\" srcset=\"https:\/\/anvie.art\/wp-content\/uploads\/2025\/08\/WhatsApp-Bild-2025-08-30-um-20.47.19_103eceb5-768x1024.jpg 768w, https:\/\/anvie.art\/wp-content\/uploads\/2025\/08\/WhatsApp-Bild-2025-08-30-um-20.47.19_103eceb5-225x300.jpg 225w, https:\/\/anvie.art\/wp-content\/uploads\/2025\/08\/WhatsApp-Bild-2025-08-30-um-20.47.19_103eceb5-1152x1536.jpg 1152w, https:\/\/anvie.art\/wp-content\/uploads\/2025\/08\/WhatsApp-Bild-2025-08-30-um-20.47.19_103eceb5-1536x2048.jpg 1536w, https:\/\/anvie.art\/wp-content\/uploads\/2025\/08\/WhatsApp-Bild-2025-08-30-um-20.47.19_103eceb5-1140x1520.jpg 1140w, https:\/\/anvie.art\/wp-content\/uploads\/2025\/08\/WhatsApp-Bild-2025-08-30-um-20.47.19_103eceb5-scaled.jpg 1920w\" sizes=\"auto, (max-width: 768px) 100vw, 768px\" \/><\/figure>\n<\/figure>\n","protected":false},"excerpt":{"rendered":"<p>Wenn ich schreibe, dann komme ich mir und meiner Wahrheit am n\u00e4chsten. &#8230;deshalb erf\u00e4hrst du am meisten in den Blogbeitr\u00e4gen \u00fcber mich&#8230; Aber falls dich Fakten interessieren: und hier ein paar &#8220;spirituelle Fakten&#8221; (ich identifiziere mich nicht damit, aber finde sie ganz interessant)<\/p>\n","protected":false},"author":2,"featured_media":0,"parent":0,"menu_order":0,"comment_status":"closed","ping_status":"closed","template":"","meta":{"footnotes":""},"class_list":["post-48","page","type-page","status-publish","hentry"],"_links":{"self":[{"href":"https:\/\/anvie.art\/index.php?rest_route=\/wp\/v2\/pages\/48","targetHints":{"allow":["GET"]}}],"collection":[{"href":"https:\/\/anvie.art\/index.php?rest_route=\/wp\/v2\/pages"}],"about":[{"href":"https:\/\/anvie.art\/index.php?rest_route=\/wp\/v2\/types\/page"}],"author":[{"embeddable":true,"href":"https:\/\/anvie.art\/index.php?rest_route=\/wp\/v2\/users\/2"}],"replies":[{"embeddable":true,"href":"https:\/\/anvie.art\/index.php?rest_route=%2Fwp%2Fv2%2Fcomments&post=48"}],"version-history":[{"count":5,"href":"https:\/\/anvie.art\/index.php?rest_route=\/wp\/v2\/pages\/48\/revisions"}],"predecessor-version":[{"id":457,"href":"https:\/\/anvie.art\/index.php?rest_route=\/wp\/v2\/pages\/48\/revisions\/457"}],"wp:attachment":[{"href":"https:\/\/anvie.art\/index.php?rest_route=%2Fwp%2Fv2%2Fmedia&parent=48"}],"curies":[{"name":"wp","href":"https:\/\/api.w.org\/{rel}","templated":true}]}}