{"id":19,"date":"2025-06-24T15:27:03","date_gmt":"2025-06-24T15:27:03","guid":{"rendered":"https:\/\/anvie.art\/?page_id=19"},"modified":"2025-08-30T14:59:09","modified_gmt":"2025-08-30T14:59:09","slug":"musik","status":"publish","type":"page","link":"https:\/\/anvie.art\/?page_id=19","title":{"rendered":"Musik"},"content":{"rendered":"\n<p>Ich habe vor nicht so langer Zeit einen Youtube Kanal gegr\u00fcndet. Angefangen habe ich mit kleinen Klaviervideos auf meinem Keyboard. Jetzt habe ich ein E-Piano und ich singe auch \ud83d\ude42 Die Musik hilft mir, mich mit mir selbst zu verbinden. <\/p>\n\n\n\n<p>Ich hatte von 7 Jahren bis 19 Jahren Klavierunterricht in einer Musikschule in meinem Dorf. Der Unterricht war gepr\u00e4gt von Stress und Leistungsdruck, der sich auch in meiner Schulzeit so durchzog. Ich finde das sehr schade, wenn sich das Leistungsdenken unserer Gesellschaft auch in der musikalischen Erziehung so weiter durchzieht und ich finde, dass es Zeit ist, das zu \u00e4ndern. F\u00fcr mich bedeutet Musik vor allem, im Einklang zu sein mit seinen Gef\u00fchlen und seinen authentischen Ausdruck zu finden.<\/p>\n\n\n\n<p><a href=\"https:\/\/www.youtube.com\/@_anvie_\">https:\/\/www.youtube.com\/@_anvie<\/a><\/p>\n\n\n\n<figure class=\"wp-block-embed is-type-video is-provider-youtube wp-block-embed-youtube wp-embed-aspect-16-9 wp-has-aspect-ratio\"><div class=\"wp-block-embed__wrapper\">\n<iframe loading=\"lazy\" title=\"Klavier spielen ohne Leistungsdruck - mit einfachen Akkorden improvisieren\" width=\"960\" height=\"540\" src=\"https:\/\/www.youtube.com\/embed\/0fwT1Y6lBs0?feature=oembed\" frameborder=\"0\" allow=\"accelerometer; autoplay; clipboard-write; encrypted-media; gyroscope; picture-in-picture; web-share\" referrerpolicy=\"strict-origin-when-cross-origin\" allowfullscreen><\/iframe>\n<\/div><\/figure>\n","protected":false},"excerpt":{"rendered":"<p>Ich habe vor nicht so langer Zeit einen Youtube Kanal gegr\u00fcndet. Angefangen habe ich mit kleinen Klaviervideos auf meinem Keyboard. Jetzt habe ich ein E-Piano und ich singe auch \ud83d\ude42 Die Musik hilft mir, mich mit mir selbst zu verbinden. Ich hatte von 7 Jahren bis 19 Jahren Klavierunterricht in einer Musikschule in meinem Dorf. Der Unterricht war gepr\u00e4gt von Stress und Leistungsdruck, der sich auch in meiner Schulzeit so durchzog. Ich finde das sehr schade, wenn sich das Leistungsdenken unserer Gesellschaft auch in der musikalischen Erziehung so weiter durchzieht und ich finde, dass es Zeit ist, das zu \u00e4ndern. F\u00fcr mich bedeutet Musik vor allem, im Einklang zu sein mit seinen Gef\u00fchlen und seinen authentischen Ausdruck zu finden. https:\/\/www.youtube.com\/@_anvie<\/p>\n","protected":false},"author":2,"featured_media":0,"parent":0,"menu_order":0,"comment_status":"closed","ping_status":"closed","template":"","meta":{"footnotes":""},"class_list":["post-19","page","type-page","status-publish","hentry"],"_links":{"self":[{"href":"https:\/\/anvie.art\/index.php?rest_route=\/wp\/v2\/pages\/19","targetHints":{"allow":["GET"]}}],"collection":[{"href":"https:\/\/anvie.art\/index.php?rest_route=\/wp\/v2\/pages"}],"about":[{"href":"https:\/\/anvie.art\/index.php?rest_route=\/wp\/v2\/types\/page"}],"author":[{"embeddable":true,"href":"https:\/\/anvie.art\/index.php?rest_route=\/wp\/v2\/users\/2"}],"replies":[{"embeddable":true,"href":"https:\/\/anvie.art\/index.php?rest_route=%2Fwp%2Fv2%2Fcomments&post=19"}],"version-history":[{"count":5,"href":"https:\/\/anvie.art\/index.php?rest_route=\/wp\/v2\/pages\/19\/revisions"}],"predecessor-version":[{"id":331,"href":"https:\/\/anvie.art\/index.php?rest_route=\/wp\/v2\/pages\/19\/revisions\/331"}],"wp:attachment":[{"href":"https:\/\/anvie.art\/index.php?rest_route=%2Fwp%2Fv2%2Fmedia&parent=19"}],"curies":[{"name":"wp","href":"https:\/\/api.w.org\/{rel}","templated":true}]}}